{"id":2729,"date":"2024-01-08T09:27:35","date_gmt":"2024-01-08T08:27:35","guid":{"rendered":"https:\/\/www.campingdepeel.nl\/?page_id=2729"},"modified":"2024-01-26T21:25:28","modified_gmt":"2024-01-26T20:25:28","slug":"aufenthalt-reservieren","status":"publish","type":"page","link":"https:\/\/www.campingdepeel.nl\/de\/aufenthalt-reservieren\/","title":{"rendered":"Aufenthalt reservieren"},"content":{"rendered":"<p><span class=\"Y2IQFc\" lang=\"de\">Kommen Sie f\u00fcr eine Nacht mit Ihrem Fahrrad oder Motorrad und einem kleinen Zelt zum Campen? Senden Sie eine E-Mail, damit wir einen Platz f\u00fcr Sie reservieren k\u00f6nnen.<\/span> Kommen Sie mit einer Gruppe campen? Senden Sie am besten eine E-Mail mit einer \u00dcbersicht \u00fcber die Anzahl der Familien, mit denen Sie anreisen, die Anzahl der Personen pro Familie, ob sie \u00fcber Extras wie Zelt oder Haustier verf\u00fcgen und ob sie ihre eigene Campingausr\u00fcstung oder Unterkunft nutzen. Nach dem Absenden Ihrer Reservierungsanfrage erhalten Sie automatisch eine Optionsbest\u00e4tigung per E-Mail. Ihre endg\u00fcltige Reservierungsbest\u00e4tigung erhalten Sie in der Regel innerhalb eines Tages. Haben Sie nichts erhalten? \u00dcberpr\u00fcfen Sie dann Ihren Spam oder unerw\u00fcnschte E-Mails. Habt ihr Fragen? Wir w\u00fcrden es gerne h\u00f6ren. Wir freuen uns auf Ihren Besuch auf dem Camping de Peel!<\/p>\n","protected":false},"excerpt":{"rendered":"<p>Kommen Sie f\u00fcr eine Nacht mit Ihrem Fahrrad oder Motorrad und einem kleinen Zelt zum Campen? Senden Sie eine E-Mail, damit wir einen Platz f\u00fcr Sie reservieren k\u00f6nnen. Kommen Sie mit einer Gruppe campen? Senden Sie am besten eine E-Mail mit einer \u00dcbersicht \u00fcber die Anzahl der Familien, mit denen Sie anreisen, die Anzahl der [&hellip;]<\/p>\n","protected":false},"author":1,"featured_media":0,"parent":0,"menu_order":0,"comment_status":"closed","ping_status":"closed","template":"page-bestellen.php","meta":{"_acf_changed":false,"_monsterinsights_skip_tracking":false,"_monsterinsights_sitenote_active":false,"_monsterinsights_sitenote_note":"","_monsterinsights_sitenote_category":0,"_uf_show_specific_survey":0,"_uf_disable_surveys":false,"footnotes":""},"class_list":["post-2729","page","type-page","status-publish","hentry"],"acf":[],"aioseo_notices":[],"yoast_head":"<!-- This site is optimized with the Yoast SEO plugin v27.0 - https:\/\/yoast.com\/product\/yoast-seo-wordpress\/ -->\n<title>Aufenthalt reservieren - Camping de Peel - Familiecamping in Brabant, Asten<\/title>\n<meta name=\"robots\" content=\"index, follow, max-snippet:-1, max-image-preview:large, max-video-preview:-1\" \/>\n<link rel=\"canonical\" href=\"https:\/\/www.campingdepeel.nl\/de\/aufenthalt-reservieren\/\" \/>\n<meta property=\"og:locale\" content=\"de_DE\" \/>\n<meta property=\"og:type\" content=\"article\" \/>\n<meta property=\"og:title\" content=\"Aufenthalt reservieren - Camping de Peel - Familiecamping in Brabant, Asten\" \/>\n<meta property=\"og:description\" content=\"Kommen Sie f\u00fcr eine Nacht mit Ihrem Fahrrad oder Motorrad und einem kleinen Zelt zum Campen? Senden Sie eine E-Mail, damit wir einen Platz f\u00fcr Sie reservieren k\u00f6nnen. Kommen Sie mit einer Gruppe campen? Senden Sie am besten eine E-Mail mit einer \u00dcbersicht \u00fcber die Anzahl der Familien, mit denen Sie anreisen, die Anzahl der [&hellip;]\" \/>\n<meta property=\"og:url\" content=\"https:\/\/www.campingdepeel.nl\/de\/aufenthalt-reservieren\/\" \/>\n<meta property=\"og:site_name\" content=\"Camping de Peel - Familiecamping in Brabant, Asten\" \/>\n<meta property=\"article:modified_time\" content=\"2024-01-26T20:25:28+00:00\" \/>\n<meta name=\"twitter:card\" content=\"summary_large_image\" \/>\n<meta name=\"twitter:label1\" content=\"Gesch\u00e4tzte Lesezeit\" \/>\n\t<meta name=\"twitter:data1\" content=\"1\u00a0Minute\" \/>\n<script type=\"application\/ld+json\" class=\"yoast-schema-graph\">{\"@context\":\"https:\/\/schema.org\",\"@graph\":[{\"@type\":\"WebPage\",\"@id\":\"https:\/\/www.campingdepeel.nl\/de\/aufenthalt-reservieren\/\",\"url\":\"https:\/\/www.campingdepeel.nl\/de\/aufenthalt-reservieren\/\",\"name\":\"Aufenthalt reservieren - Camping de Peel - Familiecamping in Brabant, Asten\",\"isPartOf\":{\"@id\":\"https:\/\/www.campingdepeel.nl\/de\/#website\"},\"datePublished\":\"2024-01-08T08:27:35+00:00\",\"dateModified\":\"2024-01-26T20:25:28+00:00\",\"breadcrumb\":{\"@id\":\"https:\/\/www.campingdepeel.nl\/de\/aufenthalt-reservieren\/#breadcrumb\"},\"inLanguage\":\"de\",\"potentialAction\":[{\"@type\":\"ReadAction\",\"target\":[\"https:\/\/www.campingdepeel.nl\/de\/aufenthalt-reservieren\/\"]}]},{\"@type\":\"BreadcrumbList\",\"@id\":\"https:\/\/www.campingdepeel.nl\/de\/aufenthalt-reservieren\/#breadcrumb\",\"itemListElement\":[{\"@type\":\"ListItem\",\"position\":1,\"name\":\"Home\",\"item\":\"https:\/\/www.campingdepeel.nl\/de\/\"},{\"@type\":\"ListItem\",\"position\":2,\"name\":\"Aufenthalt reservieren\"}]},{\"@type\":\"WebSite\",\"@id\":\"https:\/\/www.campingdepeel.nl\/de\/#website\",\"url\":\"https:\/\/www.campingdepeel.nl\/de\/\",\"name\":\"Camping de Peel - Familiecamping in Brabant, Asten\",\"description\":\"Camping de Peel - Familiecamping in Brabant, Asten\",\"potentialAction\":[{\"@type\":\"SearchAction\",\"target\":{\"@type\":\"EntryPoint\",\"urlTemplate\":\"https:\/\/www.campingdepeel.nl\/de\/?s={search_term_string}\"},\"query-input\":{\"@type\":\"PropertyValueSpecification\",\"valueRequired\":true,\"valueName\":\"search_term_string\"}}],\"inLanguage\":\"de\"}]}<\/script>\n<!-- \/ Yoast SEO plugin. -->","yoast_head_json":{"title":"Aufenthalt reservieren - Camping de Peel - Familiecamping in Brabant, Asten","robots":{"index":"index","follow":"follow","max-snippet":"max-snippet:-1","max-image-preview":"max-image-preview:large","max-video-preview":"max-video-preview:-1"},"canonical":"https:\/\/www.campingdepeel.nl\/de\/aufenthalt-reservieren\/","og_locale":"de_DE","og_type":"article","og_title":"Aufenthalt reservieren - Camping de Peel - Familiecamping in Brabant, Asten","og_description":"Kommen Sie f\u00fcr eine Nacht mit Ihrem Fahrrad oder Motorrad und einem kleinen Zelt zum Campen? Senden Sie eine E-Mail, damit wir einen Platz f\u00fcr Sie reservieren k\u00f6nnen. Kommen Sie mit einer Gruppe campen? Senden Sie am besten eine E-Mail mit einer \u00dcbersicht \u00fcber die Anzahl der Familien, mit denen Sie anreisen, die Anzahl der [&hellip;]","og_url":"https:\/\/www.campingdepeel.nl\/de\/aufenthalt-reservieren\/","og_site_name":"Camping de Peel - Familiecamping in Brabant, Asten","article_modified_time":"2024-01-26T20:25:28+00:00","twitter_card":"summary_large_image","twitter_misc":{"Gesch\u00e4tzte Lesezeit":"1\u00a0Minute"},"schema":{"@context":"https:\/\/schema.org","@graph":[{"@type":"WebPage","@id":"https:\/\/www.campingdepeel.nl\/de\/aufenthalt-reservieren\/","url":"https:\/\/www.campingdepeel.nl\/de\/aufenthalt-reservieren\/","name":"Aufenthalt reservieren - Camping de Peel - Familiecamping in Brabant, Asten","isPartOf":{"@id":"https:\/\/www.campingdepeel.nl\/de\/#website"},"datePublished":"2024-01-08T08:27:35+00:00","dateModified":"2024-01-26T20:25:28+00:00","breadcrumb":{"@id":"https:\/\/www.campingdepeel.nl\/de\/aufenthalt-reservieren\/#breadcrumb"},"inLanguage":"de","potentialAction":[{"@type":"ReadAction","target":["https:\/\/www.campingdepeel.nl\/de\/aufenthalt-reservieren\/"]}]},{"@type":"BreadcrumbList","@id":"https:\/\/www.campingdepeel.nl\/de\/aufenthalt-reservieren\/#breadcrumb","itemListElement":[{"@type":"ListItem","position":1,"name":"Home","item":"https:\/\/www.campingdepeel.nl\/de\/"},{"@type":"ListItem","position":2,"name":"Aufenthalt reservieren"}]},{"@type":"WebSite","@id":"https:\/\/www.campingdepeel.nl\/de\/#website","url":"https:\/\/www.campingdepeel.nl\/de\/","name":"Camping de Peel - Familiecamping in Brabant, Asten","description":"Camping de Peel - Familiecamping in Brabant, Asten","potentialAction":[{"@type":"SearchAction","target":{"@type":"EntryPoint","urlTemplate":"https:\/\/www.campingdepeel.nl\/de\/?s={search_term_string}"},"query-input":{"@type":"PropertyValueSpecification","valueRequired":true,"valueName":"search_term_string"}}],"inLanguage":"de"}]}},"_links":{"self":[{"href":"https:\/\/www.campingdepeel.nl\/de\/wp-json\/wp\/v2\/pages\/2729","targetHints":{"allow":["GET"]}}],"collection":[{"href":"https:\/\/www.campingdepeel.nl\/de\/wp-json\/wp\/v2\/pages"}],"about":[{"href":"https:\/\/www.campingdepeel.nl\/de\/wp-json\/wp\/v2\/types\/page"}],"author":[{"embeddable":true,"href":"https:\/\/www.campingdepeel.nl\/de\/wp-json\/wp\/v2\/users\/1"}],"replies":[{"embeddable":true,"href":"https:\/\/www.campingdepeel.nl\/de\/wp-json\/wp\/v2\/comments?post=2729"}],"version-history":[{"count":3,"href":"https:\/\/www.campingdepeel.nl\/de\/wp-json\/wp\/v2\/pages\/2729\/revisions"}],"predecessor-version":[{"id":2810,"href":"https:\/\/www.campingdepeel.nl\/de\/wp-json\/wp\/v2\/pages\/2729\/revisions\/2810"}],"wp:attachment":[{"href":"https:\/\/www.campingdepeel.nl\/de\/wp-json\/wp\/v2\/media?parent=2729"}],"curies":[{"name":"wp","href":"https:\/\/api.w.org\/{rel}","templated":true}]}}