{"id":695,"date":"2020-03-04T16:13:07","date_gmt":"2020-03-04T15:13:07","guid":{"rendered":"https:\/\/www.campingdepeel.nl\/kampeerplek\/"},"modified":"2023-01-31T21:07:13","modified_gmt":"2023-01-31T20:07:13","slug":"camping-nordbrabant","status":"publish","type":"page","link":"https:\/\/www.campingdepeel.nl\/de\/camping-nordbrabant\/","title":{"rendered":"Camping in Nordbrabant"},"content":{"rendered":"<div id=\"tw-target-text-container\" class=\"tw-ta-container hide-focus-ring tw-nfl\" tabindex=\"0\">\n<h2 dir=\"ltr\" data-placeholder=\"Vertaling\">Camping am Camping de Peel<\/h2>\n<p id=\"tw-target-text\" class=\"tw-data-text tw-text-large tw-ta\" dir=\"ltr\" data-placeholder=\"Vertaling\"><span lang=\"de\"> Was auch immer Ihr Grund f\u00fcr einen Campingurlaub ist; Ein Familienausflug, ein Wochenende, m\u00f6chten Sie die Umgebung des Brabanter Peel aktiv erkunden oder einen langen, faulen Urlaub in den Sommerferien verbringen? Camping de Peel ist die Basis f\u00fcr Ihren Urlaub! Unser gem\u00fctlicher Familiencampingplatz bietet Campingpl\u00e4tze, verteilt auf gem\u00fctliche Familienfelder f\u00fcr Jung und Alt. Es gibt verschiedene Campingfelder mit Blick auf Spielm\u00f6glichkeiten f\u00fcr die (Enkel-) Kinder, auf denen sie viel Spa\u00df haben werden. Au\u00dferdem sind sie h\u00e4ufig auf den (kostenlosen) Pedal-Go-Karts oder in unserem Schwimmbad zu finden. <\/span><\/p>\n<p class=\"tw-data-text tw-text-large tw-ta\" dir=\"ltr\" data-placeholder=\"Vertaling\"><span lang=\"de\">M\u00f6chten Sie die Gegend erkunden? Es gibt viele M\u00f6glichkeiten zum Radfahren und Wandern direkt von unserem Campingplatz aus. M\u00f6chten Sie unsere Umgebung lieber etwas weniger aktiv erkunden? Steigen Sie in unseren Hin- und R\u00fcckzug &#8222;Peelexpress&#8220;, der Sie zu einer informativen Tour durch die Umgebung des Peel-Bereichs f\u00fchrt. Kommen Sie und campen Sie auf unserem gem\u00fctlichen Familiencampingplatz in Nordbrabant, denn Geselligkeit und Gastfreundschaft in Brabant sind nur ein Urlaub! Unsere komfortablen Stellpl\u00e4tze sind ungef\u00e4hr 90 m2 gro\u00df und verf\u00fcgen \u00fcber einen 6-A-Stromanschluss. Ein Wasserhahn ist nie weit entfernt und verteilt sich auf die verschiedenen Campingfelder. Camping de Peel ist kein gro\u00dfer Campingplatz, daher sind zentrale Einrichtungen wie unser modernes und komfortables Sanit\u00e4rgeb\u00e4ude nie weit entfernt. Unsere Campingpl\u00e4tze sind autofrei, so dass Kinder frei spielen k\u00f6nnen! Haustiere sind erlaubt, wenn sie anderen G\u00e4sten keine Unannehmlichkeiten bereiten. <\/span><\/p>\n<h2 class=\"tw-data-text tw-text-large tw-ta\" dir=\"ltr\" data-placeholder=\"Vertaling\"><span lang=\"de\">Campingstellplatz reservieren <\/span><\/h2>\n<p class=\"tw-data-text tw-text-large tw-ta\" dir=\"ltr\" data-placeholder=\"Vertaling\"><span lang=\"de\">Um einen Campingstellplatz zu reservieren, k\u00f6nnen Sie hier online f\u00fcr einen bestimmten Termin <a href=\"https:\/\/www.campingdepeel.nl\/de\/online-buchen\/\">reservieren<\/a>. Sie k\u00f6nnen uns auch kontaktieren, wir geben Ihnen gerne alle Informationen, die Sie ben\u00f6tigen! Haben Sie eine Vorliebe f\u00fcr einen Campingstellplatz mit einer bestimmten Immobilie? Lassen Sie es uns wissen, wir versuchen hier einen geeigneten Campingstellplatz zu finden!<\/span><\/p>\n<\/div>\n<div id=\"tw-target-rmn-container\" class=\"tw-ta-container hide-focus-ring tw-nfl\">\n<pre id=\"tw-target-rmn\" class=\"tw-data-placeholder tw-text-small tw-ta\" dir=\"ltr\" data-placeholder=\"\"><\/pre>\n<\/div>\n","protected":false},"excerpt":{"rendered":"<p>Camping am Camping de Peel Was auch immer Ihr Grund f\u00fcr einen Campingurlaub ist; Ein Familienausflug, ein Wochenende, m\u00f6chten Sie die Umgebung des Brabanter Peel aktiv erkunden oder einen langen, faulen Urlaub in den Sommerferien verbringen? Camping de Peel ist die Basis f\u00fcr Ihren Urlaub! Unser gem\u00fctlicher Familiencampingplatz bietet Campingpl\u00e4tze, verteilt auf gem\u00fctliche Familienfelder f\u00fcr [&hellip;]<\/p>\n","protected":false},"author":1,"featured_media":473,"parent":0,"menu_order":0,"comment_status":"closed","ping_status":"closed","template":"","meta":{"_acf_changed":false,"_monsterinsights_skip_tracking":false,"_monsterinsights_sitenote_active":false,"_monsterinsights_sitenote_note":"","_monsterinsights_sitenote_category":0,"_uf_show_specific_survey":0,"_uf_disable_surveys":false,"footnotes":""},"class_list":["post-695","page","type-page","status-publish","has-post-thumbnail","hentry"],"acf":[],"aioseo_notices":[],"yoast_head":"<!-- This site is optimized with the Yoast SEO plugin v27.0 - https:\/\/yoast.com\/product\/yoast-seo-wordpress\/ -->\n<title>Camping in Nordbrabant - Camping de Peel - Familiecamping in Brabant, Asten<\/title>\n<meta name=\"description\" content=\"Kampieren mit eigenem Zelt, Wohnwagen oder Wohnmobil? Zelten Sie im gastfreundlichen Nordbrabant! Camping de Peel bietet komfortable Stellpl\u00e4tze!\" \/>\n<meta name=\"robots\" content=\"index, follow, max-snippet:-1, max-image-preview:large, max-video-preview:-1\" \/>\n<link rel=\"canonical\" href=\"https:\/\/www.campingdepeel.nl\/de\/camping-nordbrabant\/\" \/>\n<meta property=\"og:locale\" content=\"de_DE\" \/>\n<meta property=\"og:type\" content=\"article\" \/>\n<meta property=\"og:title\" content=\"Camping in Nordbrabant - Camping de Peel - Familiecamping in Brabant, Asten\" \/>\n<meta property=\"og:description\" content=\"Kampieren mit eigenem Zelt, Wohnwagen oder Wohnmobil? Zelten Sie im gastfreundlichen Nordbrabant! Camping de Peel bietet komfortable Stellpl\u00e4tze!\" \/>\n<meta property=\"og:url\" content=\"https:\/\/www.campingdepeel.nl\/de\/camping-nordbrabant\/\" \/>\n<meta property=\"og:site_name\" content=\"Camping de Peel - Familiecamping in Brabant, Asten\" \/>\n<meta property=\"article:modified_time\" content=\"2023-01-31T20:07:13+00:00\" \/>\n<meta property=\"og:image\" content=\"https:\/\/www.campingdepeel.nl\/wp-content\/uploads\/2020\/03\/L1002871.jpg\" \/>\n\t<meta property=\"og:image:width\" content=\"1920\" \/>\n\t<meta property=\"og:image:height\" content=\"1276\" \/>\n\t<meta property=\"og:image:type\" content=\"image\/jpeg\" \/>\n<meta name=\"twitter:card\" content=\"summary_large_image\" \/>\n<meta name=\"twitter:label1\" content=\"Gesch\u00e4tzte Lesezeit\" \/>\n\t<meta name=\"twitter:data1\" content=\"2\u00a0Minuten\" \/>\n<script type=\"application\/ld+json\" class=\"yoast-schema-graph\">{\"@context\":\"https:\/\/schema.org\",\"@graph\":[{\"@type\":\"WebPage\",\"@id\":\"https:\/\/www.campingdepeel.nl\/de\/camping-nordbrabant\/\",\"url\":\"https:\/\/www.campingdepeel.nl\/de\/camping-nordbrabant\/\",\"name\":\"Camping in Nordbrabant - Camping de Peel - Familiecamping in Brabant, Asten\",\"isPartOf\":{\"@id\":\"https:\/\/www.campingdepeel.nl\/de\/#website\"},\"primaryImageOfPage\":{\"@id\":\"https:\/\/www.campingdepeel.nl\/de\/camping-nordbrabant\/#primaryimage\"},\"image\":{\"@id\":\"https:\/\/www.campingdepeel.nl\/de\/camping-nordbrabant\/#primaryimage\"},\"thumbnailUrl\":\"https:\/\/www.campingdepeel.nl\/wp-content\/uploads\/2020\/03\/L1002871.jpg\",\"datePublished\":\"2020-03-04T15:13:07+00:00\",\"dateModified\":\"2023-01-31T20:07:13+00:00\",\"description\":\"Kampieren mit eigenem Zelt, Wohnwagen oder Wohnmobil? Zelten Sie im gastfreundlichen Nordbrabant! Camping de Peel bietet komfortable Stellpl\u00e4tze!\",\"breadcrumb\":{\"@id\":\"https:\/\/www.campingdepeel.nl\/de\/camping-nordbrabant\/#breadcrumb\"},\"inLanguage\":\"de\",\"potentialAction\":[{\"@type\":\"ReadAction\",\"target\":[\"https:\/\/www.campingdepeel.nl\/de\/camping-nordbrabant\/\"]}]},{\"@type\":\"ImageObject\",\"inLanguage\":\"de\",\"@id\":\"https:\/\/www.campingdepeel.nl\/de\/camping-nordbrabant\/#primaryimage\",\"url\":\"https:\/\/www.campingdepeel.nl\/wp-content\/uploads\/2020\/03\/L1002871.jpg\",\"contentUrl\":\"https:\/\/www.campingdepeel.nl\/wp-content\/uploads\/2020\/03\/L1002871.jpg\",\"width\":1920,\"height\":1276,\"caption\":\"kampieren nordbrabant\"},{\"@type\":\"BreadcrumbList\",\"@id\":\"https:\/\/www.campingdepeel.nl\/de\/camping-nordbrabant\/#breadcrumb\",\"itemListElement\":[{\"@type\":\"ListItem\",\"position\":1,\"name\":\"Home\",\"item\":\"https:\/\/www.campingdepeel.nl\/de\/\"},{\"@type\":\"ListItem\",\"position\":2,\"name\":\"Camping in Nordbrabant\"}]},{\"@type\":\"WebSite\",\"@id\":\"https:\/\/www.campingdepeel.nl\/de\/#website\",\"url\":\"https:\/\/www.campingdepeel.nl\/de\/\",\"name\":\"Camping de Peel - Familiecamping in Brabant, Asten\",\"description\":\"Camping de Peel - Familiecamping in Brabant, Asten\",\"potentialAction\":[{\"@type\":\"SearchAction\",\"target\":{\"@type\":\"EntryPoint\",\"urlTemplate\":\"https:\/\/www.campingdepeel.nl\/de\/?s={search_term_string}\"},\"query-input\":{\"@type\":\"PropertyValueSpecification\",\"valueRequired\":true,\"valueName\":\"search_term_string\"}}],\"inLanguage\":\"de\"}]}<\/script>\n<!-- \/ Yoast SEO plugin. -->","yoast_head_json":{"title":"Camping in Nordbrabant - Camping de Peel - Familiecamping in Brabant, Asten","description":"Kampieren mit eigenem Zelt, Wohnwagen oder Wohnmobil? Zelten Sie im gastfreundlichen Nordbrabant! Camping de Peel bietet komfortable Stellpl\u00e4tze!","robots":{"index":"index","follow":"follow","max-snippet":"max-snippet:-1","max-image-preview":"max-image-preview:large","max-video-preview":"max-video-preview:-1"},"canonical":"https:\/\/www.campingdepeel.nl\/de\/camping-nordbrabant\/","og_locale":"de_DE","og_type":"article","og_title":"Camping in Nordbrabant - Camping de Peel - Familiecamping in Brabant, Asten","og_description":"Kampieren mit eigenem Zelt, Wohnwagen oder Wohnmobil? Zelten Sie im gastfreundlichen Nordbrabant! Camping de Peel bietet komfortable Stellpl\u00e4tze!","og_url":"https:\/\/www.campingdepeel.nl\/de\/camping-nordbrabant\/","og_site_name":"Camping de Peel - Familiecamping in Brabant, Asten","article_modified_time":"2023-01-31T20:07:13+00:00","og_image":[{"width":1920,"height":1276,"url":"https:\/\/www.campingdepeel.nl\/wp-content\/uploads\/2020\/03\/L1002871.jpg","type":"image\/jpeg"}],"twitter_card":"summary_large_image","twitter_misc":{"Gesch\u00e4tzte Lesezeit":"2\u00a0Minuten"},"schema":{"@context":"https:\/\/schema.org","@graph":[{"@type":"WebPage","@id":"https:\/\/www.campingdepeel.nl\/de\/camping-nordbrabant\/","url":"https:\/\/www.campingdepeel.nl\/de\/camping-nordbrabant\/","name":"Camping in Nordbrabant - Camping de Peel - Familiecamping in Brabant, Asten","isPartOf":{"@id":"https:\/\/www.campingdepeel.nl\/de\/#website"},"primaryImageOfPage":{"@id":"https:\/\/www.campingdepeel.nl\/de\/camping-nordbrabant\/#primaryimage"},"image":{"@id":"https:\/\/www.campingdepeel.nl\/de\/camping-nordbrabant\/#primaryimage"},"thumbnailUrl":"https:\/\/www.campingdepeel.nl\/wp-content\/uploads\/2020\/03\/L1002871.jpg","datePublished":"2020-03-04T15:13:07+00:00","dateModified":"2023-01-31T20:07:13+00:00","description":"Kampieren mit eigenem Zelt, Wohnwagen oder Wohnmobil? Zelten Sie im gastfreundlichen Nordbrabant! Camping de Peel bietet komfortable Stellpl\u00e4tze!","breadcrumb":{"@id":"https:\/\/www.campingdepeel.nl\/de\/camping-nordbrabant\/#breadcrumb"},"inLanguage":"de","potentialAction":[{"@type":"ReadAction","target":["https:\/\/www.campingdepeel.nl\/de\/camping-nordbrabant\/"]}]},{"@type":"ImageObject","inLanguage":"de","@id":"https:\/\/www.campingdepeel.nl\/de\/camping-nordbrabant\/#primaryimage","url":"https:\/\/www.campingdepeel.nl\/wp-content\/uploads\/2020\/03\/L1002871.jpg","contentUrl":"https:\/\/www.campingdepeel.nl\/wp-content\/uploads\/2020\/03\/L1002871.jpg","width":1920,"height":1276,"caption":"kampieren nordbrabant"},{"@type":"BreadcrumbList","@id":"https:\/\/www.campingdepeel.nl\/de\/camping-nordbrabant\/#breadcrumb","itemListElement":[{"@type":"ListItem","position":1,"name":"Home","item":"https:\/\/www.campingdepeel.nl\/de\/"},{"@type":"ListItem","position":2,"name":"Camping in Nordbrabant"}]},{"@type":"WebSite","@id":"https:\/\/www.campingdepeel.nl\/de\/#website","url":"https:\/\/www.campingdepeel.nl\/de\/","name":"Camping de Peel - Familiecamping in Brabant, Asten","description":"Camping de Peel - Familiecamping in Brabant, Asten","potentialAction":[{"@type":"SearchAction","target":{"@type":"EntryPoint","urlTemplate":"https:\/\/www.campingdepeel.nl\/de\/?s={search_term_string}"},"query-input":{"@type":"PropertyValueSpecification","valueRequired":true,"valueName":"search_term_string"}}],"inLanguage":"de"}]}},"_links":{"self":[{"href":"https:\/\/www.campingdepeel.nl\/de\/wp-json\/wp\/v2\/pages\/695","targetHints":{"allow":["GET"]}}],"collection":[{"href":"https:\/\/www.campingdepeel.nl\/de\/wp-json\/wp\/v2\/pages"}],"about":[{"href":"https:\/\/www.campingdepeel.nl\/de\/wp-json\/wp\/v2\/types\/page"}],"author":[{"embeddable":true,"href":"https:\/\/www.campingdepeel.nl\/de\/wp-json\/wp\/v2\/users\/1"}],"replies":[{"embeddable":true,"href":"https:\/\/www.campingdepeel.nl\/de\/wp-json\/wp\/v2\/comments?post=695"}],"version-history":[{"count":6,"href":"https:\/\/www.campingdepeel.nl\/de\/wp-json\/wp\/v2\/pages\/695\/revisions"}],"predecessor-version":[{"id":2537,"href":"https:\/\/www.campingdepeel.nl\/de\/wp-json\/wp\/v2\/pages\/695\/revisions\/2537"}],"wp:featuredmedia":[{"embeddable":true,"href":"https:\/\/www.campingdepeel.nl\/de\/wp-json\/wp\/v2\/media\/473"}],"wp:attachment":[{"href":"https:\/\/www.campingdepeel.nl\/de\/wp-json\/wp\/v2\/media?parent=695"}],"curies":[{"name":"wp","href":"https:\/\/api.w.org\/{rel}","templated":true}]}}