{"id":709,"date":"2018-05-04T12:04:02","date_gmt":"2018-05-04T10:04:02","guid":{"rendered":"https:\/\/www.campingdepeel.nl\/over-ons\/"},"modified":"2026-03-13T22:20:48","modified_gmt":"2026-03-13T21:20:48","slug":"unsere-campingplatz","status":"publish","type":"page","link":"https:\/\/www.campingdepeel.nl\/de\/unsere-campingplatz\/","title":{"rendered":"unsere campingplatz"},"content":{"rendered":"<p>Unser Campingplatz liegt an der Grenze zwischen Nordbrabant und Limburg. Gleich hinter der holl\u00e4ndischen Grenze zwischen Venlo und Eindhoven.<\/p>\n<p>Zusammen mit meiner Frau, 3 Kindern und einem Dackel lebe und arbeite ich an dem Ort, an dem ich aufgewachsen bin, in der wundersch\u00f6nen und nat\u00fcrlichen Umgebung des Peel-Gebiets. Ich teile gerne meine Leidenschaft und mein Wissen \u00fcber das sch\u00f6ne Brabant mit meinen G\u00e4sten von unserem Campingplatz. Camping de Peel ist etwas gr\u00f6\u00dfer als ein durchschnittlicher Mini-Campingplatz, aber bei uns finden Sie den kleinen Umfang und die Geselligkeit dieses Campingplatzes wieder. Die Einrichtungen und die gro\u00dfe Vielfalt an verschiedenen Aktivit\u00e4ten machen Camping de Peel f\u00fcr Jung und Alt geeignet. Zum Beispiel gibt es unseren Spielplatz mit Trampolin und (kostenlosen) Tret-Gokarts, mit denen die Kinder endlos spielen k\u00f6nnen. Es gibt auch eine Tierwiese, wo die H\u00fchner, Ziegen und Hasen gef\u00fcttert werden k\u00f6nnen! In den Sommerferien k\u00f6nnen Sie unser sch\u00f6nes Freibad nutzen.<\/p>\n<h2 id=\"tw-target-text\" class=\"tw-data-text tw-text-large tw-ta\" dir=\"ltr\" data-placeholder=\"Vertaling\"><span class=\"Y2IQFc\" lang=\"de\">Umgebung de Peel<\/span><\/h2>\n<p>l Erkunden Sie die Gegend? Au\u00dferhalb unseres Campingplatzes gibt es viel zu tun. Unser Familiencampingplatz in Brabant liegt zum Beispiel in der N\u00e4he des Nationalparks \u201ede Groote Peel\u201c und der \u201eStrabrechtse Heide\u201c, au\u00dferdem gibt es verschiedene Naturschutzgebiete, die Sie zu Fu\u00df oder mit dem Fahrrad erkunden k\u00f6nnen. Das Sch\u00e4lgebiet ist traditionell ein Torfgebiet, das aus einem gro\u00dfen Sumpfgebiet bestand und die nat\u00fcrliche Grenze zwischen Brabant und Limburg bildete. Direkt von unserem Campingplatz aus gibt es viele Rad- und Wanderm\u00f6glichkeiten. M\u00f6chten Sie unsere Umgebung lieber etwas weniger aktiv erkunden? Steigen Sie in unseren Ausflugszug &#8218;de Peelexpress&#8216; ein, der Sie auf eine informative Tour durch die Umgebung des Sch\u00e4lgebiets bringt. Also campen Sie auf unserem gem\u00fctlichen Familiencampingplatz in Nordbrabant, denn Brabanter Gem\u00fctlichkeit und Gastfreundschaft, das ist Urlaub!<\/p>\n","protected":false},"excerpt":{"rendered":"<p>Unser Campingplatz liegt an der Grenze zwischen Nordbrabant und Limburg. Gleich hinter der holl\u00e4ndischen Grenze zwischen Venlo und Eindhoven. Zusammen mit meiner Frau, 3 Kindern und einem Dackel lebe und arbeite ich an dem Ort, an dem ich aufgewachsen bin, in der wundersch\u00f6nen und nat\u00fcrlichen Umgebung des Peel-Gebiets. Ich teile gerne meine Leidenschaft und mein [&hellip;]<\/p>\n","protected":false},"author":1,"featured_media":3439,"parent":0,"menu_order":0,"comment_status":"closed","ping_status":"closed","template":"","meta":{"_acf_changed":false,"_monsterinsights_skip_tracking":false,"_monsterinsights_sitenote_active":false,"_monsterinsights_sitenote_note":"","_monsterinsights_sitenote_category":0,"_uf_show_specific_survey":0,"_uf_disable_surveys":false,"footnotes":""},"class_list":["post-709","page","type-page","status-publish","has-post-thumbnail","hentry"],"acf":[],"aioseo_notices":[],"yoast_head":"<!-- This site is optimized with the Yoast SEO plugin v27.0 - https:\/\/yoast.com\/product\/yoast-seo-wordpress\/ -->\n<title>unsere campingplatz - Camping de Peel<\/title>\n<meta name=\"robots\" content=\"index, follow, max-snippet:-1, max-image-preview:large, max-video-preview:-1\" \/>\n<link rel=\"canonical\" href=\"https:\/\/www.campingdepeel.nl\/de\/unsere-campingplatz\/\" \/>\n<meta property=\"og:locale\" content=\"de_DE\" \/>\n<meta property=\"og:type\" content=\"article\" \/>\n<meta property=\"og:title\" content=\"unsere campingplatz - Camping de Peel\" \/>\n<meta property=\"og:description\" content=\"Unser Campingplatz liegt an der Grenze zwischen Nordbrabant und Limburg. Gleich hinter der holl\u00e4ndischen Grenze zwischen Venlo und Eindhoven. Zusammen mit meiner Frau, 3 Kindern und einem Dackel lebe und arbeite ich an dem Ort, an dem ich aufgewachsen bin, in der wundersch\u00f6nen und nat\u00fcrlichen Umgebung des Peel-Gebiets. Ich teile gerne meine Leidenschaft und mein [&hellip;]\" \/>\n<meta property=\"og:url\" content=\"https:\/\/www.campingdepeel.nl\/de\/unsere-campingplatz\/\" \/>\n<meta property=\"og:site_name\" content=\"Camping de Peel - Familiecamping in Brabant, Asten\" \/>\n<meta property=\"article:modified_time\" content=\"2026-03-13T21:20:48+00:00\" \/>\n<meta property=\"og:image\" content=\"https:\/\/www.campingdepeel.nl\/wp-content\/uploads\/2026\/03\/DSC_58610.jpeg\" \/>\n\t<meta property=\"og:image:width\" content=\"2048\" \/>\n\t<meta property=\"og:image:height\" content=\"1519\" \/>\n\t<meta property=\"og:image:type\" content=\"image\/jpeg\" \/>\n<meta name=\"twitter:card\" content=\"summary_large_image\" \/>\n<meta name=\"twitter:label1\" content=\"Gesch\u00e4tzte Lesezeit\" \/>\n\t<meta name=\"twitter:data1\" content=\"2\u00a0Minuten\" \/>\n<script type=\"application\/ld+json\" class=\"yoast-schema-graph\">{\"@context\":\"https:\/\/schema.org\",\"@graph\":[{\"@type\":\"WebPage\",\"@id\":\"https:\/\/www.campingdepeel.nl\/de\/unsere-campingplatz\/\",\"url\":\"https:\/\/www.campingdepeel.nl\/de\/unsere-campingplatz\/\",\"name\":\"unsere campingplatz - Camping de Peel\",\"isPartOf\":{\"@id\":\"https:\/\/www.campingdepeel.nl\/de\/#website\"},\"primaryImageOfPage\":{\"@id\":\"https:\/\/www.campingdepeel.nl\/de\/unsere-campingplatz\/#primaryimage\"},\"image\":{\"@id\":\"https:\/\/www.campingdepeel.nl\/de\/unsere-campingplatz\/#primaryimage\"},\"thumbnailUrl\":\"https:\/\/www.campingdepeel.nl\/wp-content\/uploads\/2026\/03\/DSC_58610.jpeg\",\"datePublished\":\"2018-05-04T10:04:02+00:00\",\"dateModified\":\"2026-03-13T21:20:48+00:00\",\"breadcrumb\":{\"@id\":\"https:\/\/www.campingdepeel.nl\/de\/unsere-campingplatz\/#breadcrumb\"},\"inLanguage\":\"de\",\"potentialAction\":[{\"@type\":\"ReadAction\",\"target\":[\"https:\/\/www.campingdepeel.nl\/de\/unsere-campingplatz\/\"]}]},{\"@type\":\"ImageObject\",\"inLanguage\":\"de\",\"@id\":\"https:\/\/www.campingdepeel.nl\/de\/unsere-campingplatz\/#primaryimage\",\"url\":\"https:\/\/www.campingdepeel.nl\/wp-content\/uploads\/2026\/03\/DSC_58610.jpeg\",\"contentUrl\":\"https:\/\/www.campingdepeel.nl\/wp-content\/uploads\/2026\/03\/DSC_58610.jpeg\",\"width\":2048,\"height\":1519},{\"@type\":\"BreadcrumbList\",\"@id\":\"https:\/\/www.campingdepeel.nl\/de\/unsere-campingplatz\/#breadcrumb\",\"itemListElement\":[{\"@type\":\"ListItem\",\"position\":1,\"name\":\"Home\",\"item\":\"https:\/\/www.campingdepeel.nl\/de\/\"},{\"@type\":\"ListItem\",\"position\":2,\"name\":\"unsere campingplatz\"}]},{\"@type\":\"WebSite\",\"@id\":\"https:\/\/www.campingdepeel.nl\/de\/#website\",\"url\":\"https:\/\/www.campingdepeel.nl\/de\/\",\"name\":\"Camping de Peel - Familiecamping in Brabant, Asten\",\"description\":\"Camping de Peel - Familiecamping in Brabant, Asten\",\"potentialAction\":[{\"@type\":\"SearchAction\",\"target\":{\"@type\":\"EntryPoint\",\"urlTemplate\":\"https:\/\/www.campingdepeel.nl\/de\/?s={search_term_string}\"},\"query-input\":{\"@type\":\"PropertyValueSpecification\",\"valueRequired\":true,\"valueName\":\"search_term_string\"}}],\"inLanguage\":\"de\"}]}<\/script>\n<!-- \/ Yoast SEO plugin. -->","yoast_head_json":{"title":"unsere campingplatz - Camping de Peel","robots":{"index":"index","follow":"follow","max-snippet":"max-snippet:-1","max-image-preview":"max-image-preview:large","max-video-preview":"max-video-preview:-1"},"canonical":"https:\/\/www.campingdepeel.nl\/de\/unsere-campingplatz\/","og_locale":"de_DE","og_type":"article","og_title":"unsere campingplatz - Camping de Peel","og_description":"Unser Campingplatz liegt an der Grenze zwischen Nordbrabant und Limburg. Gleich hinter der holl\u00e4ndischen Grenze zwischen Venlo und Eindhoven. Zusammen mit meiner Frau, 3 Kindern und einem Dackel lebe und arbeite ich an dem Ort, an dem ich aufgewachsen bin, in der wundersch\u00f6nen und nat\u00fcrlichen Umgebung des Peel-Gebiets. Ich teile gerne meine Leidenschaft und mein [&hellip;]","og_url":"https:\/\/www.campingdepeel.nl\/de\/unsere-campingplatz\/","og_site_name":"Camping de Peel - Familiecamping in Brabant, Asten","article_modified_time":"2026-03-13T21:20:48+00:00","og_image":[{"width":2048,"height":1519,"url":"https:\/\/www.campingdepeel.nl\/wp-content\/uploads\/2026\/03\/DSC_58610.jpeg","type":"image\/jpeg"}],"twitter_card":"summary_large_image","twitter_misc":{"Gesch\u00e4tzte Lesezeit":"2\u00a0Minuten"},"schema":{"@context":"https:\/\/schema.org","@graph":[{"@type":"WebPage","@id":"https:\/\/www.campingdepeel.nl\/de\/unsere-campingplatz\/","url":"https:\/\/www.campingdepeel.nl\/de\/unsere-campingplatz\/","name":"unsere campingplatz - Camping de Peel","isPartOf":{"@id":"https:\/\/www.campingdepeel.nl\/de\/#website"},"primaryImageOfPage":{"@id":"https:\/\/www.campingdepeel.nl\/de\/unsere-campingplatz\/#primaryimage"},"image":{"@id":"https:\/\/www.campingdepeel.nl\/de\/unsere-campingplatz\/#primaryimage"},"thumbnailUrl":"https:\/\/www.campingdepeel.nl\/wp-content\/uploads\/2026\/03\/DSC_58610.jpeg","datePublished":"2018-05-04T10:04:02+00:00","dateModified":"2026-03-13T21:20:48+00:00","breadcrumb":{"@id":"https:\/\/www.campingdepeel.nl\/de\/unsere-campingplatz\/#breadcrumb"},"inLanguage":"de","potentialAction":[{"@type":"ReadAction","target":["https:\/\/www.campingdepeel.nl\/de\/unsere-campingplatz\/"]}]},{"@type":"ImageObject","inLanguage":"de","@id":"https:\/\/www.campingdepeel.nl\/de\/unsere-campingplatz\/#primaryimage","url":"https:\/\/www.campingdepeel.nl\/wp-content\/uploads\/2026\/03\/DSC_58610.jpeg","contentUrl":"https:\/\/www.campingdepeel.nl\/wp-content\/uploads\/2026\/03\/DSC_58610.jpeg","width":2048,"height":1519},{"@type":"BreadcrumbList","@id":"https:\/\/www.campingdepeel.nl\/de\/unsere-campingplatz\/#breadcrumb","itemListElement":[{"@type":"ListItem","position":1,"name":"Home","item":"https:\/\/www.campingdepeel.nl\/de\/"},{"@type":"ListItem","position":2,"name":"unsere campingplatz"}]},{"@type":"WebSite","@id":"https:\/\/www.campingdepeel.nl\/de\/#website","url":"https:\/\/www.campingdepeel.nl\/de\/","name":"Camping de Peel - Familiecamping in Brabant, Asten","description":"Camping de Peel - Familiecamping in Brabant, Asten","potentialAction":[{"@type":"SearchAction","target":{"@type":"EntryPoint","urlTemplate":"https:\/\/www.campingdepeel.nl\/de\/?s={search_term_string}"},"query-input":{"@type":"PropertyValueSpecification","valueRequired":true,"valueName":"search_term_string"}}],"inLanguage":"de"}]}},"_links":{"self":[{"href":"https:\/\/www.campingdepeel.nl\/de\/wp-json\/wp\/v2\/pages\/709","targetHints":{"allow":["GET"]}}],"collection":[{"href":"https:\/\/www.campingdepeel.nl\/de\/wp-json\/wp\/v2\/pages"}],"about":[{"href":"https:\/\/www.campingdepeel.nl\/de\/wp-json\/wp\/v2\/types\/page"}],"author":[{"embeddable":true,"href":"https:\/\/www.campingdepeel.nl\/de\/wp-json\/wp\/v2\/users\/1"}],"replies":[{"embeddable":true,"href":"https:\/\/www.campingdepeel.nl\/de\/wp-json\/wp\/v2\/comments?post=709"}],"version-history":[{"count":4,"href":"https:\/\/www.campingdepeel.nl\/de\/wp-json\/wp\/v2\/pages\/709\/revisions"}],"predecessor-version":[{"id":3452,"href":"https:\/\/www.campingdepeel.nl\/de\/wp-json\/wp\/v2\/pages\/709\/revisions\/3452"}],"wp:featuredmedia":[{"embeddable":true,"href":"https:\/\/www.campingdepeel.nl\/de\/wp-json\/wp\/v2\/media\/3439"}],"wp:attachment":[{"href":"https:\/\/www.campingdepeel.nl\/de\/wp-json\/wp\/v2\/media?parent=709"}],"curies":[{"name":"wp","href":"https:\/\/api.w.org\/{rel}","templated":true}]}}